{"id":338,"date":"2022-07-28T08:43:46","date_gmt":"2022-07-28T08:43:46","guid":{"rendered":"https:\/\/startersites.io\/blocksy\/beverr\/?page_id=11"},"modified":"2026-01-18T00:21:38","modified_gmt":"2026-01-18T00:21:38","slug":"contactos","status":"publish","type":"page","link":"https:\/\/www.cordelima.pt\/dtf\/contactos\/","title":{"rendered":"Contactos"},"content":{"rendered":"\n<div class=\"wp-block-stackable-columns alignfull stk-block-columns stk-block stk-590096d stk-block-background stk--has-background-overlay\" data-block-id=\"590096d\"><style>.stk-590096d {background-color:var(--theme-palette-color-1, #007f5f) !important;background-image:url(https:\/\/cordelima.pt\/dtf\/wp-content\/uploads\/2022\/07\/waves-background.svg) !important;background-position:bottom center !important;background-repeat:no-repeat !important;background-size:90vw !important;padding-top:100px !important;padding-bottom:0px !important;margin-bottom:70px !important;overflow:visible !important;}.stk-590096d:before{background-color:var(--theme-palette-color-1, #007f5f) !important;opacity:0.8 !important;}.stk-590096d .stk-container{overflow:visible !important;}.stk-590096d-column{--stk-column-gap:20px !important;row-gap:50px !important;}@media screen and (max-width:999px){.stk-590096d {margin-bottom:100px !important;}}@media screen and (max-width:689px){.stk-590096d {background-size:1px !important;padding-bottom:100px !important;}}<\/style><div class=\"stk-row stk-inner-blocks stk-block-content stk-content-align stk-590096d-column\">\n<div class=\"wp-block-stackable-column stk-block-column stk-column stk-block stk-a592ea9\" data-v=\"4\" data-block-id=\"a592ea9\"><style>.stk-a592ea9-container{margin-top:0px !important;margin-right:0px !important;margin-bottom:0px !important;margin-left:0px !important;}.stk-a592ea9-inner-blocks{justify-content:center !important;}.stk-a592ea9 {padding-bottom:100px !important;}@media screen and (min-width:690px){.stk-a592ea9 {flex:var(--stk-flex-grow, 1) 1 calc(60% - var(--stk-column-gap, 0px) * 1 \/ 2 ) !important;}}@media screen and (min-width:690px) and (max-width:999px){.stk-a592ea9 {flex:var(--stk-flex-grow, 1) 1 calc(60% - var(--stk-column-gap, 0px) * 1 \/ 2 ) !important;}}@media screen and (max-width:689px){.stk-a592ea9 {padding-bottom:0px !important;}}<\/style><div class=\"stk-column-wrapper stk-block-column__content stk-container stk-a592ea9-container stk--no-background stk--no-padding\"><div class=\"stk--column-flex stk-block-content stk-inner-blocks stk-a592ea9-inner-blocks\">\n<div class=\"wp-block-stackable-heading stk-block-heading stk-block-heading--v2 stk-block stk-95f172e\" id=\"contac-te-nos\" data-block-id=\"95f172e\"><style>.stk-95f172e {margin-bottom:20px !important;}.stk-95f172e .stk-block-heading__text{font-size:100px !important;color:var(--theme-palette-color-8, #ffffff) !important;line-height:0.9em !important;text-transform:uppercase !important;}@media screen and (max-width:999px){.stk-95f172e .stk-block-heading__text{font-size:70px !important;}}<\/style><h2 class=\"stk-block-heading__text has-text-color has-text-align-center-mobile\">ContacTE-NOS<\/h2><\/div>\n\n\n\n<div class=\"wp-block-stackable-image stk-block-image has-text-align-left has-text-align-center-mobile stk-block stk-5559cb5\" data-block-id=\"5559cb5\"><style>.stk-5559cb5 {margin-bottom:0px !important;}.stk-5559cb5 .stk-img-wrapper{width:250px !important;}@media screen and (max-width:999px){.stk-5559cb5 .stk-img-wrapper{width:50% !important;}}<\/style><figure><span class=\"stk-img-wrapper stk-image--shape-stretch\"><img loading=\"lazy\" decoding=\"async\" class=\"stk-img wp-image-31\" src=\"https:\/\/cordelima.pt\/dtf\/wp-content\/uploads\/2022\/07\/decorative-line-1.svg\" width=\"250\" height=\"300\"\/><\/span><\/figure><\/div>\n<\/div><\/div><\/div>\n\n\n\n<div class=\"wp-block-stackable-column stk-block-column stk-column stk-block stk-0f6ab1a\" data-v=\"4\" data-block-id=\"0f6ab1a\"><style>.stk-0f6ab1a-container{margin-top:0px !important;margin-right:0px !important;margin-bottom:0px !important;margin-left:0px !important;}@media screen and (min-width:690px){.stk-0f6ab1a {flex:var(--stk-flex-grow, 1) 1 calc(40% - var(--stk-column-gap, 0px) * 1 \/ 2 ) !important;}}@media screen and (min-width:690px) and (max-width:999px){.stk-0f6ab1a {flex:var(--stk-flex-grow, 1) 1 calc(40% - var(--stk-column-gap, 0px) * 1 \/ 2 ) !important;}}<\/style><div class=\"stk-column-wrapper stk-block-column__content stk-container stk-0f6ab1a-container stk--no-background stk--no-padding\"><div class=\"stk-block-content stk-inner-blocks stk-0f6ab1a-inner-blocks\">\n<div class=\"wp-block-stackable-image stk-block-image stk-block stk-50e8587 stk-block-background\" data-block-id=\"50e8587\"><style>.stk-50e8587 {background-color:var(--theme-palette-color-2, #FDD746) !important;border-top-left-radius:1000px !important;border-top-right-radius:1000px !important;border-bottom-right-radius:1000px !important;border-bottom-left-radius:1000px !important;overflow:hidden !important;padding-top:0px !important;padding-right:0px !important;padding-bottom:0px !important;padding-left:0px !important;margin-bottom:-200px !important;}.stk-50e8587:before{background-color:var(--theme-palette-color-2, #FDD746) !important;}.stk-50e8587 .stk-img-wrapper img{object-position:50% 0% !important;}@media screen and (max-width:689px){.stk-50e8587 {margin-bottom:0px !important;}}<\/style><figure><span class=\"stk-img-wrapper stk-image--shape-stretch\"><img data-recalc-dims=\"1\" loading=\"lazy\" decoding=\"async\" class=\"stk-img wp-image-326\" src=\"https:\/\/i0.wp.com\/cordelima.pt\/dtf\/wp-content\/uploads\/2022\/07\/project-image-7.webp?resize=945%2C945&#038;ssl=1\" width=\"945\" height=\"945\" srcset=\"https:\/\/i0.wp.com\/www.cordelima.pt\/dtf\/wp-content\/uploads\/2022\/07\/project-image-7.webp?w=945&amp;ssl=1 945w, https:\/\/i0.wp.com\/www.cordelima.pt\/dtf\/wp-content\/uploads\/2022\/07\/project-image-7.webp?resize=300%2C300&amp;ssl=1 300w, https:\/\/i0.wp.com\/www.cordelima.pt\/dtf\/wp-content\/uploads\/2022\/07\/project-image-7.webp?resize=150%2C150&amp;ssl=1 150w, https:\/\/i0.wp.com\/www.cordelima.pt\/dtf\/wp-content\/uploads\/2022\/07\/project-image-7.webp?resize=768%2C768&amp;ssl=1 768w, https:\/\/i0.wp.com\/www.cordelima.pt\/dtf\/wp-content\/uploads\/2022\/07\/project-image-7.webp?resize=600%2C600&amp;ssl=1 600w, https:\/\/i0.wp.com\/www.cordelima.pt\/dtf\/wp-content\/uploads\/2022\/07\/project-image-7.webp?resize=100%2C100&amp;ssl=1 100w\" sizes=\"auto, (max-width: 945px) 100vw, 945px\" \/><\/span><\/figure><\/div>\n<\/div><\/div><\/div>\n<\/div><\/div>\n\n\n\n<div class=\"wp-block-stackable-icon-label stk-block-icon-label stk-block stk-3d70177\" data-block-id=\"3d70177\"><style>.stk-3d70177 .stk-inner-blocks{gap:70px !important;}@media screen and (max-width:999px){.stk-3d70177 .stk-inner-blocks{gap:75px !important;}}@media screen and (max-width:689px){.stk-3d70177 .stk-inner-blocks{gap:75px !important;}.stk-3d70177 {margin-bottom:20px !important;}}<\/style><div class=\"stk-row stk-inner-blocks stk-block-content\">\n<div class=\"wp-block-stackable-heading stk-block-heading stk-block-heading--v2 stk-block stk-8ef0762\" id=\"351-918451867-br-geral-cordelima-pt-br-viana-do-castelo-portugal\" data-block-id=\"8ef0762\"><h4 class=\"stk-block-heading__text stk-block-heading--use-theme-margins\">+351 918451867<br>geral@cordelima.pt<br>Viana do Castelo . Portugal<\/h4><\/div>\n<\/div><\/div>\n\n\n\n<div class=\"wp-block-stackable-spacer stk-block-spacer stk--no-padding stk-block stk-008e2f5\" data-block-id=\"008e2f5\"><style>.stk-008e2f5 {height:87px !important;}@media screen and (max-width:999px){.stk-008e2f5 {height:100px !important;}}<\/style><\/div>\n\n\n\n<div class=\"wp-block-stackable-heading stk-block-heading stk-block-heading--v2 stk-block stk-f378172\" id=\"web-design\" data-block-id=\"f378172\"><style>.stk-f378172 {margin-bottom:20px !important;}.stk-f378172 .stk-block-heading__text{font-size:45px !important;}@media screen and (max-width:999px){.stk-f378172 .stk-block-heading__text{font-size:35px !important;}}<\/style><h2 class=\"stk-block-heading__text\">FORMUL\u00c1RIO DE CONTATO<\/h2><\/div>\n\n\n\n<div class=\"wp-block-stackable-text stk-block-text stk-block stk-699dd19\" id=\"web-design\" data-block-id=\"699dd19\"><style>@media screen and (max-width:999px){.stk-699dd19 {margin-bottom:40px !important;}}<\/style><p class=\"stk-block-text__text\">Seremos breve em responder. At\u00e9 j\u00e1 \ud83d\ude09<\/p><\/div>\n\n\n\n<div class=\"wp-block-stackable-columns stk-block-columns stk-block stk-e58dbf3\" data-block-id=\"e58dbf3\"><div class=\"stk-row stk-inner-blocks stk-block-content stk-content-align stk-e58dbf3-column\">\n<div class=\"wp-block-stackable-column stk-block-column stk-column stk-block stk-c7098bd\" data-v=\"4\" data-block-id=\"c7098bd\"><style>.stk-c7098bd-container{margin-top:0px !important;margin-right:0px !important;margin-bottom:0px !important;margin-left:0px !important;max-width:1000px !important;min-width:auto !important;}<\/style><div class=\"stk-column-wrapper stk-block-column__content stk-container stk-c7098bd-container stk--no-background stk--no-padding\"><div class=\"stk-block-content stk-inner-blocks stk-c7098bd-inner-blocks\"><div class=\"wpforms-container wpforms-block wpforms-block-0e2aa5cd-372a-4c03-9acd-8327120ae8a3 wpforms-render-modern\" id=\"wpforms-250\"><form id=\"wpforms-form-250\" class=\"wpforms-validate wpforms-form wpforms-ajax-form\" data-formid=\"250\" method=\"post\" enctype=\"multipart\/form-data\" action=\"\/dtf\/wp-json\/wp\/v2\/pages\/338\" data-token=\"47d9403e0cc58ff4b9ce9c6e94c9e8b2\" data-token-time=\"1776343636\"><noscript class=\"wpforms-error-noscript\">Please enable JavaScript in your browser to complete this form.<\/noscript><div id=\"wpforms-error-noscript\" style=\"display: none;\">Please enable JavaScript in your browser to complete this form.<\/div><div class=\"wpforms-field-container\"><div id=\"wpforms-250-field_0-container\" class=\"wpforms-field wpforms-field-name\" data-field-id=\"0\"><label class=\"wpforms-field-label\" for=\"wpforms-250-field_0\">Nome Completo <span class=\"wpforms-required-label\" aria-hidden=\"true\">*<\/span><\/label><input type=\"text\" id=\"wpforms-250-field_0\" class=\"wpforms-field-large wpforms-field-required\" name=\"wpforms[fields][0]\" aria-errormessage=\"wpforms-250-field_0-error\" required><\/div><div id=\"wpforms-250-field_1-container\" class=\"wpforms-field wpforms-field-email\" data-field-id=\"1\"><label class=\"wpforms-field-label\" for=\"wpforms-250-field_1\">Email <span class=\"wpforms-required-label\" aria-hidden=\"true\">*<\/span><\/label><input type=\"email\" id=\"wpforms-250-field_1\" class=\"wpforms-field-large wpforms-field-required\" name=\"wpforms[fields][1]\" spellcheck=\"false\" aria-errormessage=\"wpforms-250-field_1-error\" required><\/div><div id=\"wpforms-250-field_2-container\" class=\"wpforms-field wpforms-field-textarea\" data-field-id=\"2\"><label class=\"wpforms-field-label\" for=\"wpforms-250-field_2\">Mensagem <span class=\"wpforms-required-label\" aria-hidden=\"true\">*<\/span><\/label><textarea id=\"wpforms-250-field_2\" class=\"wpforms-field-large wpforms-field-required\" name=\"wpforms[fields][2]\" placeholder=\"D\u00favidas, esclarecimentos, reclama\u00e7\u00f5es, sugest\u00f5es...\" aria-errormessage=\"wpforms-250-field_2-error\" required><\/textarea><\/div><\/div><!-- .wpforms-field-container --><div class=\"wpforms-recaptcha-container wpforms-is-recaptcha wpforms-is-recaptcha-type-invisible\" ><div class=\"g-recaptcha\" data-sitekey=\"6Leh20wsAAAAAE4Tcwdrb8Nrb9flnoh060nWyu4T\" data-size=\"invisible\"><\/div><\/div><div class=\"wpforms-submit-container\" ><input type=\"hidden\" name=\"wpforms[id]\" value=\"250\"><input type=\"hidden\" name=\"page_title\" value=\"\"><input type=\"hidden\" name=\"page_url\" value=\"https:\/\/www.cordelima.pt\/dtf\/wp-json\/wp\/v2\/pages\/338\"><input type=\"hidden\" name=\"url_referer\" value=\"\"><button type=\"submit\" name=\"wpforms[submit]\" id=\"wpforms-submit-250\" class=\"wpforms-submit\" data-alt-text=\"A Enviar...\" data-submit-text=\"Enviar\" aria-live=\"assertive\" value=\"wpforms-submit\">Enviar<\/button><img loading=\"lazy\" decoding=\"async\" src=\"https:\/\/www.cordelima.pt\/dtf\/wp-content\/plugins\/wpforms-lite\/assets\/images\/submit-spin.svg\" class=\"wpforms-submit-spinner\" style=\"display: none;\" width=\"26\" height=\"26\" alt=\"Loading\"><\/div><\/form><\/div>  <!-- .wpforms-container --><\/div><\/div><\/div>\n<\/div><\/div>\n\n\n\n<div class=\"wp-block-stackable-spacer stk-block-spacer stk--no-padding stk-block stk-5e3b288\" data-block-id=\"5e3b288\"><style>.stk-5e3b288 {height:150px !important;}@media screen and (max-width:999px){.stk-5e3b288 {height:100px !important;}}<\/style><\/div>\n\n\n\n<p><\/p>\n","protected":false},"excerpt":{"rendered":"<p>ContacTE-NOS +351 918451867geral@cordelima.ptViana do Castelo . Portugal FORMUL\u00c1RIO DE CONTATO Seremos breve em responder. At\u00e9 j\u00e1 \ud83d\ude09<\/p>\n","protected":false},"author":1,"featured_media":0,"parent":0,"menu_order":0,"comment_status":"closed","ping_status":"closed","template":"","meta":{"advanced_seo_description":"","jetpack_seo_html_title":"","jetpack_seo_noindex":false,"footnotes":""},"class_list":["post-338","page","type-page","status-publish","hentry"],"blocksy_meta":{"styles_descriptor":{"styles":{"desktop":"","tablet":"","mobile":""},"google_fonts":[],"version":6},"page_title_panel":"","has_hero_section":"disabled","8448ab72a234ca8f85064d083ea7e27f":"","hero_section":"type-1","hero_elements":[{"id":"custom_title","enabled":true,"heading_tag":"h1","title":"Home"},{"id":"custom_description","enabled":true,"description_visibility":{"desktop":true,"tablet":true,"mobile":false}},{"id":"custom_meta","enabled":false,"meta_elements":[{"id":"author","enabled":true,"label":"By","has_author_avatar":"yes","avatar_size":25},{"id":"post_date","enabled":true,"label":"On","date_format_source":"default","date_format":"M j, Y"},{"id":"updated_date","enabled":false,"label":"On","date_format_source":"default","date_format":"M j, Y"},{"id":"categories","enabled":false,"label":"In","style":"simple"},{"id":"comments","enabled":true}],"page_meta_elements":{"joined":true,"articles_count":true,"comments":true}},{"id":"breadcrumbs","enabled":false}],"dc3c68eb65ed3454b5dd56b7b66105bf":"","hero_alignment1":"CT_CSS_SKIP_RULE","hero_margin":40,"hero_alignment2":"center","hero_vertical_alignment":"center","d0a68189f752c7f3a678e6f11545faa7":"","hero_structure":"narrow","5674c2c1620e5fc30f0aa8161b88028e":"","page_title_bg_type":"featured_image","custom_hero_background":{"attachment_id":null},"page_title_image_size":"full","parallax":{"desktop":false,"tablet":false,"mobile":false},"e064cc7bc052f223e13db81b7b048ad4":"","hero_height":"250px","pageTitleFont":{"family":"Default","variation":"Default","size":"30px","line-height":"CT_CSS_SKIP_RULE","letter-spacing":"CT_CSS_SKIP_RULE","text-transform":"CT_CSS_SKIP_RULE","text-decoration":"CT_CSS_SKIP_RULE"},"pageTitleFontColor":{"default":{"color":"CT_CSS_SKIP_RULEDEFAULT"}},"pageMetaFont":{"family":"Default","variation":"n6","size":"12px","line-height":"1.3","letter-spacing":"CT_CSS_SKIP_RULE","text-transform":"uppercase","text-decoration":"CT_CSS_SKIP_RULE"},"pageMetaFontColor":{"default":{"color":"CT_CSS_SKIP_RULEDEFAULT"},"hover":{"color":"CT_CSS_SKIP_RULEDEFAULT"}},"page_meta_button_type_font_colors":{"default":{"color":"CT_CSS_SKIP_RULEDEFAULT"},"hover":{"color":"CT_CSS_SKIP_RULEDEFAULT"}},"page_meta_button_type_background_colors":{"default":{"color":"CT_CSS_SKIP_RULEDEFAULT"},"hover":{"color":"CT_CSS_SKIP_RULEDEFAULT"}},"pageExcerptFont":{"family":"Default","variation":"Default","size":"CT_CSS_SKIP_RULE","line-height":"CT_CSS_SKIP_RULE","letter-spacing":"CT_CSS_SKIP_RULE","text-transform":"CT_CSS_SKIP_RULE","text-decoration":"CT_CSS_SKIP_RULE"},"pageExcerptColor":{"default":{"color":"CT_CSS_SKIP_RULEDEFAULT"}},"breadcrumbsFont":{"family":"Default","variation":"Default","size":"CT_CSS_SKIP_RULE","line-height":"CT_CSS_SKIP_RULE","letter-spacing":"CT_CSS_SKIP_RULE","text-transform":"CT_CSS_SKIP_RULE","text-decoration":"CT_CSS_SKIP_RULE"},"breadcrumbsFontColor":{"default":{"color":"CT_CSS_SKIP_RULEDEFAULT"},"initial":{"color":"CT_CSS_SKIP_RULEDEFAULT"},"hover":{"color":"CT_CSS_SKIP_RULEDEFAULT"}},"pageTitleOverlay":{"background_type":"color","background_pattern":"type-1","background_image":{"attachment_id":null,"x":0,"y":0},"gradient":"linear-gradient(135deg,rgba(6,147,227,1) 0%,rgb(155,81,224) 100%)","background_repeat":"repeat","background_size":"auto","background_attachment":"scroll","patternColor":{"default":{"color":"#e5e7ea"}},"overlayColor":{"default":{"color":"CT_CSS_SKIP_RULE"}},"backgroundColor":{"default":{"color":"CT_CSS_SKIP_RULE"}}},"pageTitleBackground":{"background_type":"color","background_pattern":"type-1","background_image":{"attachment_id":null,"x":0,"y":0},"gradient":"linear-gradient(135deg,rgba(6,147,227,1) 0%,rgb(155,81,224) 100%)","background_repeat":"repeat","background_size":"auto","background_attachment":"scroll","patternColor":{"default":{"color":"#e5e7ea"}},"overlayColor":{"default":{"color":"CT_CSS_SKIP_RULE"}},"backgroundColor":{"default":{"color":"var(--theme-palette-color-6)"}}},"pageTitlePadding":{"top":"50px","bottom":"50px","left":"auto","right":"auto","linked":true},"dc50271ef57ff360cfca47e1f31a643b":"","page_structure_type":"default","befce01d282dcb1416bdc66820d1baa4":"","content_style_source":"inherit","content_style":"wide","vertical_spacing_source":"custom","content_area_spacing":"none","background":{"background_type":"color","background_pattern":"type-1","background_image":{"attachment_id":null,"x":0,"y":0},"gradient":"linear-gradient(135deg,rgba(6,147,227,1) 0%,rgb(155,81,224) 100%)","background_repeat":"repeat","background_size":"auto","background_attachment":"scroll","patternColor":{"default":{"color":"#e5e7ea"}},"overlayColor":{"default":{"color":"CT_CSS_SKIP_RULE"}},"backgroundColor":{"default":{"color":"CT_CSS_SKIP_RULE"}}},"content_background":{"background_type":"color","background_pattern":"type-1","background_image":{"attachment_id":null,"x":0,"y":0},"gradient":"linear-gradient(135deg,rgba(6,147,227,1) 0%,rgb(155,81,224) 100%)","background_repeat":"repeat","background_size":"auto","background_attachment":"scroll","patternColor":{"default":{"color":"#e5e7ea"}},"overlayColor":{"default":{"color":"CT_CSS_SKIP_RULE"}},"backgroundColor":{"default":{"color":"var(--theme-palette-color-8)"}}},"content_boxed_shadow":{"inherit":false,"blur":18,"spread":-6,"v_offset":12,"h_offset":0,"inset":false,"enable":true,"color":{"color":"rgba(34, 56, 101, 0.04)"}},"content_boxed_border":{"width":1,"style":"none","color":{"color":"rgba(44,62,80,0.2)"}},"content_boxed_radius":{"top":"3px","bottom":"3px","left":"3px","right":"3px","linked":true},"boxed_content_spacing":{"desktop":{"top":"40px","bottom":"40px","left":"40px","right":"40px","linked":true},"tablet":{"top":"35px","bottom":"35px","left":"35px","right":"35px","linked":true},"mobile":{"top":"20px","bottom":"20px","left":"20px","right":"20px","linked":true}},"1c1f4087f7a33112e47477dc8cb1defd":"","disable_featured_image":"no","disable_share_box":"no","disable_header":"no","disable_footer":"no"},"jetpack_sharing_enabled":true,"_links":{"self":[{"href":"https:\/\/www.cordelima.pt\/dtf\/wp-json\/wp\/v2\/pages\/338","targetHints":{"allow":["GET"]}}],"collection":[{"href":"https:\/\/www.cordelima.pt\/dtf\/wp-json\/wp\/v2\/pages"}],"about":[{"href":"https:\/\/www.cordelima.pt\/dtf\/wp-json\/wp\/v2\/types\/page"}],"author":[{"embeddable":true,"href":"https:\/\/www.cordelima.pt\/dtf\/wp-json\/wp\/v2\/users\/1"}],"replies":[{"embeddable":true,"href":"https:\/\/www.cordelima.pt\/dtf\/wp-json\/wp\/v2\/comments?post=338"}],"version-history":[{"count":5,"href":"https:\/\/www.cordelima.pt\/dtf\/wp-json\/wp\/v2\/pages\/338\/revisions"}],"predecessor-version":[{"id":500,"href":"https:\/\/www.cordelima.pt\/dtf\/wp-json\/wp\/v2\/pages\/338\/revisions\/500"}],"wp:attachment":[{"href":"https:\/\/www.cordelima.pt\/dtf\/wp-json\/wp\/v2\/media?parent=338"}],"curies":[{"name":"wp","href":"https:\/\/api.w.org\/{rel}","templated":true}]}}