{"id":396,"date":"2026-01-16T11:22:52","date_gmt":"2026-01-16T11:22:52","guid":{"rendered":"https:\/\/cordelima.pt\/dtf\/?page_id=396"},"modified":"2026-01-16T11:22:52","modified_gmt":"2026-01-16T11:22:52","slug":"resolucao-alternativa-de-litigios","status":"publish","type":"page","link":"https:\/\/www.cordelima.pt\/dtf\/resolucao-alternativa-de-litigios\/","title":{"rendered":"Resolu\u00e7\u00e3o Alternativa de Lit\u00edgios"},"content":{"rendered":"\n<p><b>De acordo com a Lei n\u00ba 144\/2015 informamos que em caso de lit\u00edgio, o foro competente para onde o consumidor poder\u00e1 recorrer, ser\u00e1:<\/b><\/p>\n\n\n\n<h2 class=\"wp-block-heading\">VIANA DO CASTELO<\/h2>\n\n\n\n<p>Av.Rocha Paris, 103<br>4900-394 Viana do Castelo<br>Tel: 258 809 335 | Fax: 258 809 389<br>ciab.viana@cm-viana-castelo.pt<\/p>\n\n\n\n<h2 class=\"wp-block-heading\">BRAGA<\/h2>\n\n\n\n<p>Rua D. Afonso Henriques,1<br>4700-030 Braga<br>Tel: 253 617 604 | Fax: 253 617 605<br>geral@ciab.pt | www.ciab.pt<\/p>\n","protected":false},"excerpt":{"rendered":"<p>De acordo com a Lei n\u00ba 144\/2015 informamos que em caso de lit\u00edgio, o foro competente para onde o consumidor poder\u00e1 recorrer, ser\u00e1: VIANA DO CASTELO Av.Rocha Paris, 1034900-394 Viana do CasteloTel: 258 809 335 | Fax: 258 809 389ciab.viana@cm-viana-castelo.pt BRAGA Rua D. Afonso Henriques,14700-030 BragaTel: 253 617 604 | Fax: 253 617 605geral@ciab.pt | [&hellip;]<\/p>\n","protected":false},"author":1,"featured_media":0,"parent":0,"menu_order":0,"comment_status":"closed","ping_status":"closed","template":"","meta":{"advanced_seo_description":"","jetpack_seo_html_title":"","jetpack_seo_noindex":false,"footnotes":""},"class_list":["post-396","page","type-page","status-publish","hentry"],"blocksy_meta":[],"jetpack_sharing_enabled":true,"_links":{"self":[{"href":"https:\/\/www.cordelima.pt\/dtf\/wp-json\/wp\/v2\/pages\/396","targetHints":{"allow":["GET"]}}],"collection":[{"href":"https:\/\/www.cordelima.pt\/dtf\/wp-json\/wp\/v2\/pages"}],"about":[{"href":"https:\/\/www.cordelima.pt\/dtf\/wp-json\/wp\/v2\/types\/page"}],"author":[{"embeddable":true,"href":"https:\/\/www.cordelima.pt\/dtf\/wp-json\/wp\/v2\/users\/1"}],"replies":[{"embeddable":true,"href":"https:\/\/www.cordelima.pt\/dtf\/wp-json\/wp\/v2\/comments?post=396"}],"version-history":[{"count":2,"href":"https:\/\/www.cordelima.pt\/dtf\/wp-json\/wp\/v2\/pages\/396\/revisions"}],"predecessor-version":[{"id":398,"href":"https:\/\/www.cordelima.pt\/dtf\/wp-json\/wp\/v2\/pages\/396\/revisions\/398"}],"wp:attachment":[{"href":"https:\/\/www.cordelima.pt\/dtf\/wp-json\/wp\/v2\/media?parent=396"}],"curies":[{"name":"wp","href":"https:\/\/api.w.org\/{rel}","templated":true}]}}