{"id":1055,"date":"2026-02-02T16:01:39","date_gmt":"2026-02-02T16:01:39","guid":{"rendered":"https:\/\/cordelima.pt\/dtf\/?post_type=product&#038;p=1055"},"modified":"2026-02-11T09:11:51","modified_gmt":"2026-02-11T09:11:51","slug":"colete-refletor-adulto","status":"publish","type":"product","link":"https:\/\/www.cordelima.pt\/dtf\/produto\/colete-refletor-adulto\/","title":{"rendered":"Colete Refletor Adulto"},"content":{"rendered":"<p>Colete Refletor, homologado (CE: ISO 20471) de tamanho \u00fanico adulto, poli\u00e9ster. Com dupla tira refletora \u00e0 volta do corpo e fechos de velcro.<br \/>\nDispon\u00edvel no tamanho \u00fanico e em 2 cores, Amarelo Fluorescente e Laranja Fluorescente.<br \/>\nPossibilidade de personaliza\u00e7\u00e3o DTF T\u00eaxtil, frente, costas, frente e costas.<br \/>\nO tempo de produ\u00e7\u00e3o\/entrega pode variar dependendo da quantidade e se \u00e9 ou n\u00e3o personalizado (e do tipo de personaliza\u00e7\u00e3o).<\/p>\n<p>\u00c1rea de personaliza\u00e7\u00e3o:<br \/>\nFrente: at\u00e9 10cm x 10cm<br \/>\nCostas: at\u00e9 30cm x 30cm<\/p>\n<p>Pedido m\u00ednimo: 5un<\/p>\n","protected":false},"excerpt":{"rendered":"<p>Colete Refletor, homologado (CE: ISO 20471) de tamanho \u00fanico adulto, poli\u00e9ster. Com dupla tira refletora \u00e0 volta do corpo e fechos de velcro.<br \/>\nDispon\u00edvel no tamanho \u00fanico e em 2 cores, Amarelo Fluorescente e Laranja Fluorescente.<br \/>\nPossibilidade de personaliza\u00e7\u00e3o DTF T\u00eaxtil, frente, costas, frente e costas.<br \/>\nO tempo de produ\u00e7\u00e3o\/entrega pode variar dependendo da quantidade e se \u00e9 ou n\u00e3o personalizado (e do tipo de personaliza\u00e7\u00e3o).<\/p>\n<p>\u00c1rea de personaliza\u00e7\u00e3o:<br \/>\nFrente: at\u00e9 10cm x 10cm<br \/>\nCostas: at\u00e9 30cm x 30cm<\/p>\n<p>Pedido m\u00ednimo: 5un<\/p>\n","protected":false},"featured_media":1056,"comment_status":"open","ping_status":"closed","template":"","meta":{"advanced_seo_description":"","jetpack_seo_html_title":"","jetpack_seo_noindex":false},"product_brand":[],"product_cat":[64,16],"product_tag":[],"class_list":{"0":"post-1055","1":"product","2":"type-product","3":"status-publish","4":"has-post-thumbnail","6":"product_cat-coletes","7":"product_cat-dtfs","8":"tm-no-options","10":"first","11":"instock","12":"taxable","13":"shipping-taxable","14":"purchasable","15":"product-type-variable","16":"has-default-attributes"},"jetpack_sharing_enabled":true,"_links":{"self":[{"href":"https:\/\/www.cordelima.pt\/dtf\/wp-json\/wp\/v2\/product\/1055","targetHints":{"allow":["GET"]}}],"collection":[{"href":"https:\/\/www.cordelima.pt\/dtf\/wp-json\/wp\/v2\/product"}],"about":[{"href":"https:\/\/www.cordelima.pt\/dtf\/wp-json\/wp\/v2\/types\/product"}],"replies":[{"embeddable":true,"href":"https:\/\/www.cordelima.pt\/dtf\/wp-json\/wp\/v2\/comments?post=1055"}],"wp:featuredmedia":[{"embeddable":true,"href":"https:\/\/www.cordelima.pt\/dtf\/wp-json\/wp\/v2\/media\/1056"}],"wp:attachment":[{"href":"https:\/\/www.cordelima.pt\/dtf\/wp-json\/wp\/v2\/media?parent=1055"}],"wp:term":[{"taxonomy":"product_brand","embeddable":true,"href":"https:\/\/www.cordelima.pt\/dtf\/wp-json\/wp\/v2\/product_brand?post=1055"},{"taxonomy":"product_cat","embeddable":true,"href":"https:\/\/www.cordelima.pt\/dtf\/wp-json\/wp\/v2\/product_cat?post=1055"},{"taxonomy":"product_tag","embeddable":true,"href":"https:\/\/www.cordelima.pt\/dtf\/wp-json\/wp\/v2\/product_tag?post=1055"}],"curies":[{"name":"wp","href":"https:\/\/api.w.org\/{rel}","templated":true}]}}