{"id":1068,"date":"2026-02-03T15:18:11","date_gmt":"2026-02-03T15:18:11","guid":{"rendered":"https:\/\/cordelima.pt\/dtf\/?post_type=product&#038;p=1068"},"modified":"2026-02-06T08:49:19","modified_gmt":"2026-02-06T08:49:19","slug":"dtf-10t","status":"publish","type":"product","link":"https:\/\/www.cordelima.pt\/dtf\/produto\/dtf-10t\/","title":{"rendered":"DTF 10T"},"content":{"rendered":"<p>Pack com 10 metros lineares de DTF T\u00caXTIL de alta qualidade e durabilidade, com portes gratuitos.<br \/>\n11,50\u20ac metro linear (valor sem iva)<\/p>\n<p>Os PACKS permitem-lhe adquirir materiais antecipadamente e utiliz\u00e1-los de forma flex\u00edvel, de acordo com as suas necessidades.<br \/>\nAo adquirir um PACK, est\u00e1 a comprar uma quantidade espec\u00edfica de material que pode utilizar de imediato ou gastar gradualmente. Por exemplo, ao comprar um PACK de 100 metros de DTF T\u00eaxtil, ter\u00e1 total liberdade para utilizar esses metros quando e como quiser, sem data de validade.<br \/>\nNa p\u00e1gina &#8220;Minha Conta&#8221; pode ver os saldos dos PACKS e todo o consumo detalhado.<br \/>\nPara al\u00e9m de pre\u00e7os mais vantajosos na aquisi\u00e7\u00e3o de PACKS, todos os portes s\u00e3o gratuitos (Portugal Continental). Sempre.<br \/>\nCompre o seu PACK, utilize-o ao seu pr\u00f3prio ritmo e desfrute da liberdade de criar sem limite de tempo nem preocupa\u00e7\u00f5es com custos de envio.<\/p>\n<p><em><strong>O que consegue fazer com este PACK (estimativa):<\/strong><\/em><br \/>\n<em><strong>&#8211; Estampagem Frente A4 &#8211; 90 a 100un<\/strong><\/em><br \/>\n<em><strong>&#8211; Estampagem Costas A3 &#8211; 45 a 50un<\/strong><\/em><br \/>\n<em><strong>&#8211; Estampagem Peito 10x10cm &#8211; 500un<\/strong><\/em><\/p>\n","protected":false},"excerpt":{"rendered":"<p>Pack com 10 metros lineares de DTF T\u00caXTIL de alta qualidade e durabilidade, com portes gratuitos.<br \/>\n11,50\u20ac metro linear (valor sem iva)<\/p>\n","protected":false},"featured_media":1069,"comment_status":"closed","ping_status":"closed","template":"","meta":{"advanced_seo_description":"","jetpack_seo_html_title":"","jetpack_seo_noindex":false},"product_brand":[],"product_cat":[16,65,43],"product_tag":[],"class_list":{"0":"post-1068","1":"product","2":"type-product","3":"status-publish","4":"has-post-thumbnail","6":"product_cat-dtfs","7":"product_cat-mini-packs","8":"product_cat-packs","9":"tm-no-options","11":"first","12":"instock","13":"sold-individually","14":"taxable","15":"shipping-taxable","16":"purchasable","17":"product-type-simple"},"jetpack_sharing_enabled":true,"_links":{"self":[{"href":"https:\/\/www.cordelima.pt\/dtf\/wp-json\/wp\/v2\/product\/1068","targetHints":{"allow":["GET"]}}],"collection":[{"href":"https:\/\/www.cordelima.pt\/dtf\/wp-json\/wp\/v2\/product"}],"about":[{"href":"https:\/\/www.cordelima.pt\/dtf\/wp-json\/wp\/v2\/types\/product"}],"replies":[{"embeddable":true,"href":"https:\/\/www.cordelima.pt\/dtf\/wp-json\/wp\/v2\/comments?post=1068"}],"wp:featuredmedia":[{"embeddable":true,"href":"https:\/\/www.cordelima.pt\/dtf\/wp-json\/wp\/v2\/media\/1069"}],"wp:attachment":[{"href":"https:\/\/www.cordelima.pt\/dtf\/wp-json\/wp\/v2\/media?parent=1068"}],"wp:term":[{"taxonomy":"product_brand","embeddable":true,"href":"https:\/\/www.cordelima.pt\/dtf\/wp-json\/wp\/v2\/product_brand?post=1068"},{"taxonomy":"product_cat","embeddable":true,"href":"https:\/\/www.cordelima.pt\/dtf\/wp-json\/wp\/v2\/product_cat?post=1068"},{"taxonomy":"product_tag","embeddable":true,"href":"https:\/\/www.cordelima.pt\/dtf\/wp-json\/wp\/v2\/product_tag?post=1068"}],"curies":[{"name":"wp","href":"https:\/\/api.w.org\/{rel}","templated":true}]}}