{"id":1379,"date":"2026-04-18T08:27:17","date_gmt":"2026-04-18T08:27:17","guid":{"rendered":"https:\/\/www.cordelima.pt\/dtf\/?post_type=product&#038;p=1379"},"modified":"2026-04-18T15:13:31","modified_gmt":"2026-04-18T15:13:31","slug":"bones-algodao","status":"publish","type":"product","link":"https:\/\/www.cordelima.pt\/dtf\/produto\/bones-algodao\/","title":{"rendered":"Bon\u00e9s Algod\u00e3o"},"content":{"rendered":"<p>Bon\u00e9 em Algod\u00e3o Org\u00e2nico com acabamento macio e alta qualidade. Fecho ajust\u00e1vel de fivela.<br \/>\nDispon\u00edvel no tamanho \u00fanico e em 8 cores.<br \/>\nPossibilidade de personaliza\u00e7\u00e3o DTF T\u00eaxtil, frente.<br \/>\nO tempo de produ\u00e7\u00e3o\/entrega pode variar dependendo da quantidade e se \u00e9 ou n\u00e3o personalizado (e do tipo de personaliza\u00e7\u00e3o).<\/p>\n<p>\u00c1rea de personaliza\u00e7\u00e3o:<br \/>\nFrente: at\u00e9 7cm x 10cm<\/p>\n<p>Pedido m\u00ednimo: 10un<\/p>\n","protected":false},"excerpt":{"rendered":"<p>Bon\u00e9 em Algod\u00e3o Org\u00e2nico com acabamento macio e alta qualidade. Fecho ajust\u00e1vel de fivela.<br \/>\nDispon\u00edvel no tamanho \u00fanico e em 8 cores.<br \/>\nPossibilidade de personaliza\u00e7\u00e3o DTF T\u00eaxtil, frente.<br \/>\nO tempo de produ\u00e7\u00e3o\/entrega pode variar dependendo da quantidade e se \u00e9 ou n\u00e3o personalizado (e do tipo de personaliza\u00e7\u00e3o).<\/p>\n<p>\u00c1rea de personaliza\u00e7\u00e3o:<br \/>\nFrente: at\u00e9 7cm x 10cm<\/p>\n<p>Pedido m\u00ednimo: 10un<\/p>\n","protected":false},"featured_media":1388,"comment_status":"open","ping_status":"closed","template":"","meta":[],"product_brand":[],"product_cat":[77,16],"product_tag":[],"class_list":{"0":"post-1379","1":"product","2":"type-product","3":"status-publish","4":"has-post-thumbnail","6":"product_cat-bones","7":"product_cat-dtfs","8":"tm-no-options","10":"first","11":"instock","12":"taxable","13":"shipping-taxable","14":"purchasable","15":"product-type-variable","16":"has-default-attributes"},"_links":{"self":[{"href":"https:\/\/www.cordelima.pt\/dtf\/wp-json\/wp\/v2\/product\/1379","targetHints":{"allow":["GET"]}}],"collection":[{"href":"https:\/\/www.cordelima.pt\/dtf\/wp-json\/wp\/v2\/product"}],"about":[{"href":"https:\/\/www.cordelima.pt\/dtf\/wp-json\/wp\/v2\/types\/product"}],"replies":[{"embeddable":true,"href":"https:\/\/www.cordelima.pt\/dtf\/wp-json\/wp\/v2\/comments?post=1379"}],"wp:featuredmedia":[{"embeddable":true,"href":"https:\/\/www.cordelima.pt\/dtf\/wp-json\/wp\/v2\/media\/1388"}],"wp:attachment":[{"href":"https:\/\/www.cordelima.pt\/dtf\/wp-json\/wp\/v2\/media?parent=1379"}],"wp:term":[{"taxonomy":"product_brand","embeddable":true,"href":"https:\/\/www.cordelima.pt\/dtf\/wp-json\/wp\/v2\/product_brand?post=1379"},{"taxonomy":"product_cat","embeddable":true,"href":"https:\/\/www.cordelima.pt\/dtf\/wp-json\/wp\/v2\/product_cat?post=1379"},{"taxonomy":"product_tag","embeddable":true,"href":"https:\/\/www.cordelima.pt\/dtf\/wp-json\/wp\/v2\/product_tag?post=1379"}],"curies":[{"name":"wp","href":"https:\/\/api.w.org\/{rel}","templated":true}]}}