{"id":92,"date":"2026-01-16T00:19:58","date_gmt":"2026-01-16T00:19:58","guid":{"rendered":"https:\/\/cordelima.pt\/dtf\/?post_type=product&#038;p=92"},"modified":"2026-02-02T10:50:24","modified_gmt":"2026-02-02T10:50:24","slug":"impressao-dtf-uv","status":"publish","type":"product","link":"https:\/\/www.cordelima.pt\/dtf\/produto\/impressao-dtf-uv\/","title":{"rendered":"Impress\u00e3o DTF UV"},"content":{"rendered":"<p>Impress\u00f5es DTF UV (Direct to Film Ultraviolet) de alta qualidade at\u00e9 57cm de largura por 270cm de comprimento.<br \/>\nPedido m\u00ednimo de meio metro linear.<br \/>\nPara tecidos, impress\u00e3o fiel aos detalhes e cores vibrantes.<br \/>\nPre\u00e7o por metro linear.<\/p>\n","protected":false},"excerpt":{"rendered":"<p>Solu\u00e7\u00e3o ideal para personaliza\u00e7\u00e3o de canecas, copos, garrafas, porta-chaves, esferogr\u00e1ficas&#8230;<br \/>\nImpress\u00e3o de Alta Qualidade, fiel aos detalhes e cores vibrantes.<br \/>\nLargura m\u00e1x. 57cm<br \/>\nAltura m\u00e1x. 270cm<br \/>\nPre\u00e7o por metro linear.<\/p>\n","protected":false},"featured_media":93,"comment_status":"open","ping_status":"closed","template":"","meta":{"advanced_seo_description":"","jetpack_seo_html_title":"","jetpack_seo_noindex":false},"product_brand":[],"product_cat":[49,47,16],"product_tag":[],"class_list":{"0":"post-92","1":"product","2":"type-product","3":"status-publish","4":"has-post-thumbnail","6":"product_cat-com-calculo-uv","7":"product_cat-com-pack","8":"product_cat-dtfs","9":"tm-no-options","11":"first","12":"instock","13":"taxable","14":"shipping-taxable","15":"purchasable","16":"product-type-simple"},"jetpack_sharing_enabled":true,"_links":{"self":[{"href":"https:\/\/www.cordelima.pt\/dtf\/wp-json\/wp\/v2\/product\/92","targetHints":{"allow":["GET"]}}],"collection":[{"href":"https:\/\/www.cordelima.pt\/dtf\/wp-json\/wp\/v2\/product"}],"about":[{"href":"https:\/\/www.cordelima.pt\/dtf\/wp-json\/wp\/v2\/types\/product"}],"replies":[{"embeddable":true,"href":"https:\/\/www.cordelima.pt\/dtf\/wp-json\/wp\/v2\/comments?post=92"}],"wp:featuredmedia":[{"embeddable":true,"href":"https:\/\/www.cordelima.pt\/dtf\/wp-json\/wp\/v2\/media\/93"}],"wp:attachment":[{"href":"https:\/\/www.cordelima.pt\/dtf\/wp-json\/wp\/v2\/media?parent=92"}],"wp:term":[{"taxonomy":"product_brand","embeddable":true,"href":"https:\/\/www.cordelima.pt\/dtf\/wp-json\/wp\/v2\/product_brand?post=92"},{"taxonomy":"product_cat","embeddable":true,"href":"https:\/\/www.cordelima.pt\/dtf\/wp-json\/wp\/v2\/product_cat?post=92"},{"taxonomy":"product_tag","embeddable":true,"href":"https:\/\/www.cordelima.pt\/dtf\/wp-json\/wp\/v2\/product_tag?post=92"}],"curies":[{"name":"wp","href":"https:\/\/api.w.org\/{rel}","templated":true}]}}