{"id":963,"date":"2026-02-01T20:37:11","date_gmt":"2026-02-01T20:37:11","guid":{"rendered":"https:\/\/cordelima.pt\/dtf\/?post_type=product&#038;p=963"},"modified":"2026-02-11T00:54:49","modified_gmt":"2026-02-11T00:54:49","slug":"t-shirt-adulto-branca-160g","status":"publish","type":"product","link":"https:\/\/www.cordelima.pt\/dtf\/produto\/t-shirt-adulto-branca-160g\/","title":{"rendered":"T-shirt Adulto Branca 160g"},"content":{"rendered":"<p>T-shirt Adulto Unissexo Branca 100% Algod\u00e3o, 160g.<br \/>\nDesign tubular sem costuras laterais e pesco\u00e7o redondo.<br \/>\nDispon\u00edvel nos tamanhos S, M, L, XL, XXL, XXXL.<br \/>\nPossibilidade de personaliza\u00e7\u00e3o DTF T\u00eaxtil, frente, costas, frente e costas.<br \/>\nO tempo de produ\u00e7\u00e3o\/entrega pode variar dependendo da quantidade e se \u00e9 ou n\u00e3o personalizado (e do tipo de personaliza\u00e7\u00e3o).<\/p>\n<p>\u00c1rea de personaliza\u00e7\u00e3o:<br \/>\nFrente: at\u00e9 28cm x 40cm ou peito 10cm x 10cm<br \/>\nCostas: at\u00e9 28cm x 40cm<\/p>\n","protected":false},"excerpt":{"rendered":"<p>T-shirt Adulto Unissexo Branca 100% Algod\u00e3o, 160g.<br \/>\nDesign tubular sem costuras laterais e pesco\u00e7o redondo.<br \/>\nDispon\u00edvel nos tamanhos S, M, L, XL, XXL, XXXL.<br \/>\nPossibilidade de personaliza\u00e7\u00e3o DTF T\u00eaxtil, frente, costas, frente e costas.<br \/>\nO tempo de produ\u00e7\u00e3o\/entrega pode variar dependendo da quantidade e se \u00e9 ou n\u00e3o personalizado (e do tipo de personaliza\u00e7\u00e3o).<\/p>\n<p>\u00c1rea de personaliza\u00e7\u00e3o:<br \/>\nFrente: at\u00e9 28cm x 40cm ou peito 10cm x 10cm<br \/>\nCostas: at\u00e9 28cm x 40cm<\/p>\n","protected":false},"featured_media":967,"comment_status":"open","ping_status":"closed","template":"","meta":{"advanced_seo_description":"","jetpack_seo_html_title":"","jetpack_seo_noindex":false},"product_brand":[],"product_cat":[16,50],"product_tag":[],"class_list":{"0":"post-963","1":"product","2":"type-product","3":"status-publish","4":"has-post-thumbnail","6":"product_cat-dtfs","7":"product_cat-t-shirts","8":"tm-no-options","10":"first","11":"instock","12":"taxable","13":"shipping-taxable","14":"purchasable","15":"product-type-variable","16":"has-default-attributes"},"jetpack_sharing_enabled":true,"_links":{"self":[{"href":"https:\/\/www.cordelima.pt\/dtf\/wp-json\/wp\/v2\/product\/963","targetHints":{"allow":["GET"]}}],"collection":[{"href":"https:\/\/www.cordelima.pt\/dtf\/wp-json\/wp\/v2\/product"}],"about":[{"href":"https:\/\/www.cordelima.pt\/dtf\/wp-json\/wp\/v2\/types\/product"}],"replies":[{"embeddable":true,"href":"https:\/\/www.cordelima.pt\/dtf\/wp-json\/wp\/v2\/comments?post=963"}],"wp:featuredmedia":[{"embeddable":true,"href":"https:\/\/www.cordelima.pt\/dtf\/wp-json\/wp\/v2\/media\/967"}],"wp:attachment":[{"href":"https:\/\/www.cordelima.pt\/dtf\/wp-json\/wp\/v2\/media?parent=963"}],"wp:term":[{"taxonomy":"product_brand","embeddable":true,"href":"https:\/\/www.cordelima.pt\/dtf\/wp-json\/wp\/v2\/product_brand?post=963"},{"taxonomy":"product_cat","embeddable":true,"href":"https:\/\/www.cordelima.pt\/dtf\/wp-json\/wp\/v2\/product_cat?post=963"},{"taxonomy":"product_tag","embeddable":true,"href":"https:\/\/www.cordelima.pt\/dtf\/wp-json\/wp\/v2\/product_tag?post=963"}],"curies":[{"name":"wp","href":"https:\/\/api.w.org\/{rel}","templated":true}]}}